{"id":475,"date":"2026-03-14T17:57:15","date_gmt":"2026-03-14T15:57:15","guid":{"rendered":"https:\/\/www.pensionlimani.gr\/nutzungsbedingungen\/"},"modified":"2026-03-15T03:52:53","modified_gmt":"2026-03-15T01:52:53","slug":"nutzungsbedingungen","status":"publish","type":"page","link":"https:\/\/www.pensionlimani.gr\/de\/nutzungsbedingungen\/","title":{"rendered":"Nutzungsbedingungen"},"content":{"rendered":"<div class=\"fusion-fullwidth fullwidth-box fusion-builder-row-1 fusion-flex-container nonhundred-percent-fullwidth non-hundred-percent-height-scrolling\" style=\"--awb-border-radius-top-left:0px;--awb-border-radius-top-right:0px;--awb-border-radius-bottom-right:0px;--awb-border-radius-bottom-left:0px;--awb-flex-wrap:wrap;\" ><div class=\"fusion-builder-row fusion-row fusion-flex-align-items-flex-start fusion-flex-content-wrap\" style=\"max-width:1248px;margin-left: calc(-4% \/ 2 );margin-right: calc(-4% \/ 2 );\"><div class=\"fusion-layout-column fusion_builder_column fusion-builder-column-0 fusion_builder_column_1_1 1_1 fusion-flex-column\" style=\"--awb-bg-size:cover;--awb-width-large:100%;--awb-margin-top-large:0px;--awb-spacing-right-large:1.92%;--awb-margin-bottom-large:0px;--awb-spacing-left-large:1.92%;--awb-width-medium:100%;--awb-spacing-right-medium:1.92%;--awb-spacing-left-medium:1.92%;--awb-width-small:100%;--awb-spacing-right-small:1.92%;--awb-spacing-left-small:1.92%;\"><div class=\"fusion-column-wrapper fusion-flex-justify-content-flex-start fusion-content-layout-column\"><div class=\"fusion-title title fusion-title-1 fusion-sep-none fusion-title-center fusion-title-text fusion-title-size-one\" style=\"--awb-margin-top-small:10px;--awb-margin-right-small:0px;--awb-margin-bottom-small:10px;--awb-margin-left-small:0px;\"><h1 class=\"fusion-title-heading title-heading-center\" style=\"margin:0;\">Nutzungsbedingungen<\/h1><\/div><div class=\"fusion-text fusion-text-1\"><h2 class=\"fusion-responsive-typography-calculated\" style=\"font-size: 30px; line-height: var(--awb-typography1-line-height); --fontsize: 30;\" data-fontsize=\"30\">Nutzungsbedingungen (&#8222;Terms&#8220;)<\/h2>\n<p>Please read these Terms of Use (&#8222;Terms&#8220;, &#8222;Terms of Use&#8220;) carefully before using the http:\/\/www.pensionlimani.gr website (the &#8222;Service&#8220;) operated by \u200b\u03a4\u03b1\u03c1\u03b1\u03c3\u03af\u03b4\u03b7\u03c2 \u039a\u03c5\u03c1\u03b9\u03ac\u03ba\u03bf\u03c2 \u03c4\u03bf\u03c5 \u0393\u03b5\u03c9\u03c1\u03b3\u03af\u03bf\u03c5 (&#8222;us&#8220;, &#8222;we&#8220;, or &#8222;our&#8220;).<\/p>\n<p>Der Zugang zu und die Nutzung des Dienstes setzen Ihre Zustimmung zu und Einhaltung dieser Bedingungen voraus. Diese Bedingungen gelten f\u00fcr alle Besucher, Nutzer und sonstige Personen, die auf den Dienst zugreifen oder ihn nutzen.<\/p>\n<p>Durch den Zugriff auf oder die Nutzung des Dienstes erkl\u00e4ren Sie sich mit diesen Bedingungen einverstanden. Wenn Sie mit einem Teil der Nutzungsbedingungen nicht einverstanden sind, d\u00fcrfen Sie den Dienst nicht nutzen.<\/p>\n<h2 class=\"fusion-responsive-typography-calculated\" style=\"font-size: 30px; line-height: var(--awb-typography1-line-height); --fontsize: 30;\" data-fontsize=\"30\">Beendigung<\/h2>\n<p>Wir k\u00f6nnen den Zugang zu unserem Service aus beliebigem Grund und ohne vorherige Ank\u00fcndigung oder Haftung sofort beenden oder aussetzen, insbesondere wenn Sie gegen die Nutzungsbedingungen versto\u00dfen.<\/p>\n<p>Alle Bestimmungen dieser Bedingungen, die ihrer Natur nach auch nach Beendigung des Dienstes fortgelten, einschlie\u00dflich, aber nicht beschr\u00e4nkt auf Eigentumsbestimmungen, Gew\u00e4hrleistungsausschl\u00fcsse, Freistellungen und Haftungsbeschr\u00e4nkungen.<\/p>\n<h2 class=\"fusion-responsive-typography-calculated\" style=\"font-size: 30px; line-height: var(--awb-typography1-line-height); --fontsize: 30;\" data-fontsize=\"30\">Links zu anderen Websites<\/h2>\n<p>Der Dienst kann auch Links zu anderen Websites oder Diensten enthalten, die nicht in unserem Besitz sind oder von uns kontrolliert werden. Wir haben keine Kontrolle \u00fcber den Inhalt, die Datenschutzrichtlinien oder die Praktiken der Betreiber dieser Websites oder Dienste und sind daher auch nicht daf\u00fcr verantwortlich. Sie erkennen ferner an und stimmen zu, dass wir weder direkt noch indirekt f\u00fcr Sch\u00e4den oder Verluste verantwortlich oder haftbar sind, die im Zusammenhang mit der Nutzung oder dem Vertrauen auf solche Inhalte, Waren oder Dienstleistungen, die \u00fcber solche Websites oder Dienste verf\u00fcgbar sind, verursacht wurden oder angeblich verursacht wurden.<\/p>\n<p>Wir empfehlen Ihnen, die Allgemeinen Gesch\u00e4ftsbedingungen und Datenschutzrichtlinien aller Betreiber der von Ihnen besuchten Websites oder Dienste zu lesen.<\/p>\n<h2 class=\"fusion-responsive-typography-calculated\" style=\"font-size: 30px; line-height: var(--awb-typography1-line-height); --fontsize: 30;\" data-fontsize=\"30\">Anwendbares Recht<\/h2>\n<p>Diese Nutzungsbedingungen unterliegen dem griechischen Recht und sind nach diesem auszulegen, ohne Ber\u00fccksichtigung der kollisionsrechtlichen Bestimmungen.<\/p>\n<p>Unser Vers\u00e4umnis, ein Recht oder eine Bestimmung dieser Bedingungen durchzusetzen, gilt nicht als Verzicht auf dieses Recht. Sollte eine Bestimmung dieser Bedingungen durch eine Gerichtsentscheidung f\u00fcr ung\u00fcltig oder nicht durchsetzbar erkl\u00e4rt werden, bleiben die \u00fcbrigen Bestimmungen dieser Bedingungen in Kraft. Dies stellt die gesamte Vereinbarung zwischen uns hinsichtlich unseres Dienstes dar und ersetzt alle vorherigen Vereinbarungen, die wir m\u00f6glicherweise in Bezug auf den Dienst getroffen haben.<\/p>\n<h2 class=\"fusion-responsive-typography-calculated\" style=\"font-size: 30px; line-height: var(--awb-typography1-line-height); --fontsize: 30;\" data-fontsize=\"30\">\u00c4nderungen<\/h2>\n<p>Wir behalten uns das Recht vor, diese Bedingungen jederzeit nach eigenem Ermessen zu \u00e4ndern oder zu ersetzen. Im Falle einer \u00c4nderung werden wir versuchen, Sie mindestens 30 Tage vor Inkrafttreten der neuen Bedingungen zu informieren. Was eine wesentliche \u00c4nderung darstellt, liegt in unserem alleinigen Ermessen. Indem Sie nach Inkrafttreten solcher \u00c4nderungen weiterhin auf unseren Service zugreifen oder ihn nutzen, erkl\u00e4ren Sie sich mit den ge\u00e4nderten Bedingungen einverstanden. Wenn Sie den neuen Bedingungen nicht zustimmen, stellen Sie bitte die Nutzung des Dienstes ein.<\/p>\n<h2 class=\"fusion-responsive-typography-calculated\" style=\"font-size: 30px; line-height: var(--awb-typography1-line-height); --fontsize: 30;\" data-fontsize=\"30\">Kontaktieren Sie uns<\/h2>\n<p>Sollten Sie Fragen zu diesen Bedingungen haben, kontaktieren Sie uns bitte.<\/p>\n<p>Ammouliani Pier<br \/>Ammouliani , Chalkidiki,<br \/>ZIP 63075 Griechenland<\/p>\n<ul>\n<li>Telefonnummer: <a href=\"tel:+30.2377051107\">+30.2377051107<\/a><\/li>\n<li>E-Mail-Adresse: <a href=\"mailto:info@pensionlimani.gr\">info@pensionlimani.gr<\/a><\/li>\n<li>Faxnummer: <a href=\"tel:+30.2377051107\">+30.2377051107<\/a><\/li>\n<\/ul>\n<\/div><\/div><\/div><\/div><\/div>\n","protected":false},"excerpt":{"rendered":"","protected":false},"author":1,"featured_media":0,"parent":0,"menu_order":0,"comment_status":"closed","ping_status":"closed","template":"100-width.php","meta":{"footnotes":""},"class_list":["post-475","page","type-page","status-publish","hentry"],"yoast_head":"<!-- This site is optimized with the Yoast SEO plugin v27.4 - https:\/\/yoast.com\/product\/yoast-seo-wordpress\/ -->\n<title>Nutzungsbedingungen - Pension Limani<\/title>\n<meta name=\"robots\" content=\"index, follow, max-snippet:-1, max-image-preview:large, max-video-preview:-1\" \/>\n<link rel=\"canonical\" href=\"https:\/\/www.pensionlimani.gr\/de\/nutzungsbedingungen\/\" \/>\n<meta property=\"og:locale\" content=\"de_DE\" \/>\n<meta property=\"og:type\" content=\"article\" \/>\n<meta property=\"og:title\" content=\"Nutzungsbedingungen - Pension Limani\" \/>\n<meta property=\"og:url\" content=\"https:\/\/www.pensionlimani.gr\/de\/nutzungsbedingungen\/\" \/>\n<meta property=\"og:site_name\" content=\"Pension Limani\" \/>\n<meta property=\"article:modified_time\" content=\"2026-03-15T01:52:53+00:00\" \/>\n<meta name=\"twitter:card\" content=\"summary_large_image\" \/>\n<meta name=\"twitter:label1\" content=\"Gesch\u00e4tzte Lesezeit\" \/>\n\t<meta name=\"twitter:data1\" content=\"4\u00a0Minuten\" \/>\n<script type=\"application\/ld+json\" class=\"yoast-schema-graph\">{\"@context\":\"https:\\\/\\\/schema.org\",\"@graph\":[{\"@type\":\"WebPage\",\"@id\":\"https:\\\/\\\/www.pensionlimani.gr\\\/de\\\/nutzungsbedingungen\\\/\",\"url\":\"https:\\\/\\\/www.pensionlimani.gr\\\/de\\\/nutzungsbedingungen\\\/\",\"name\":\"Nutzungsbedingungen - Pension Limani\",\"isPartOf\":{\"@id\":\"https:\\\/\\\/www.pensionlimani.gr\\\/de\\\/#website\"},\"datePublished\":\"2026-03-14T15:57:15+00:00\",\"dateModified\":\"2026-03-15T01:52:53+00:00\",\"breadcrumb\":{\"@id\":\"https:\\\/\\\/www.pensionlimani.gr\\\/de\\\/nutzungsbedingungen\\\/#breadcrumb\"},\"inLanguage\":\"de\",\"potentialAction\":[{\"@type\":\"ReadAction\",\"target\":[\"https:\\\/\\\/www.pensionlimani.gr\\\/de\\\/nutzungsbedingungen\\\/\"]}]},{\"@type\":\"BreadcrumbList\",\"@id\":\"https:\\\/\\\/www.pensionlimani.gr\\\/de\\\/nutzungsbedingungen\\\/#breadcrumb\",\"itemListElement\":[{\"@type\":\"ListItem\",\"position\":1,\"name\":\"\u0391\u03c1\u03c7\u03b9\u03ba\u03ae\",\"item\":\"https:\\\/\\\/www.pensionlimani.gr\\\/de\\\/startseite\\\/\"},{\"@type\":\"ListItem\",\"position\":2,\"name\":\"Nutzungsbedingungen\"}]},{\"@type\":\"WebSite\",\"@id\":\"https:\\\/\\\/www.pensionlimani.gr\\\/de\\\/#website\",\"url\":\"https:\\\/\\\/www.pensionlimani.gr\\\/de\\\/\",\"name\":\"Pension Limani\",\"description\":\"\",\"publisher\":{\"@id\":\"https:\\\/\\\/www.pensionlimani.gr\\\/de\\\/#organization\"},\"potentialAction\":[{\"@type\":\"SearchAction\",\"target\":{\"@type\":\"EntryPoint\",\"urlTemplate\":\"https:\\\/\\\/www.pensionlimani.gr\\\/de\\\/?s={search_term_string}\"},\"query-input\":{\"@type\":\"PropertyValueSpecification\",\"valueRequired\":true,\"valueName\":\"search_term_string\"}}],\"inLanguage\":\"de\"},{\"@type\":\"Organization\",\"@id\":\"https:\\\/\\\/www.pensionlimani.gr\\\/de\\\/#organization\",\"name\":\"Pension Limani\",\"url\":\"https:\\\/\\\/www.pensionlimani.gr\\\/de\\\/\",\"logo\":{\"@type\":\"ImageObject\",\"inLanguage\":\"de\",\"@id\":\"https:\\\/\\\/www.pensionlimani.gr\\\/de\\\/#\\\/schema\\\/logo\\\/image\\\/\",\"url\":\"https:\\\/\\\/www.pensionlimani.gr\\\/wp-content\\\/uploads\\\/2026\\\/03\\\/logo_pension_limani.png\",\"contentUrl\":\"https:\\\/\\\/www.pensionlimani.gr\\\/wp-content\\\/uploads\\\/2026\\\/03\\\/logo_pension_limani.png\",\"width\":180,\"height\":79,\"caption\":\"Pension Limani\"},\"image\":{\"@id\":\"https:\\\/\\\/www.pensionlimani.gr\\\/de\\\/#\\\/schema\\\/logo\\\/image\\\/\"},\"sameAs\":[\"https:\\\/\\\/www.youtube.com\\\/channel\\\/UCno_wyAEWXoUMXJxllL2PsQ\"]}]}<\/script>\n<!-- \/ Yoast SEO plugin. -->","yoast_head_json":{"title":"Nutzungsbedingungen - Pension Limani","robots":{"index":"index","follow":"follow","max-snippet":"max-snippet:-1","max-image-preview":"max-image-preview:large","max-video-preview":"max-video-preview:-1"},"canonical":"https:\/\/www.pensionlimani.gr\/de\/nutzungsbedingungen\/","og_locale":"de_DE","og_type":"article","og_title":"Nutzungsbedingungen - Pension Limani","og_url":"https:\/\/www.pensionlimani.gr\/de\/nutzungsbedingungen\/","og_site_name":"Pension Limani","article_modified_time":"2026-03-15T01:52:53+00:00","twitter_card":"summary_large_image","twitter_misc":{"Gesch\u00e4tzte Lesezeit":"4\u00a0Minuten"},"schema":{"@context":"https:\/\/schema.org","@graph":[{"@type":"WebPage","@id":"https:\/\/www.pensionlimani.gr\/de\/nutzungsbedingungen\/","url":"https:\/\/www.pensionlimani.gr\/de\/nutzungsbedingungen\/","name":"Nutzungsbedingungen - Pension Limani","isPartOf":{"@id":"https:\/\/www.pensionlimani.gr\/de\/#website"},"datePublished":"2026-03-14T15:57:15+00:00","dateModified":"2026-03-15T01:52:53+00:00","breadcrumb":{"@id":"https:\/\/www.pensionlimani.gr\/de\/nutzungsbedingungen\/#breadcrumb"},"inLanguage":"de","potentialAction":[{"@type":"ReadAction","target":["https:\/\/www.pensionlimani.gr\/de\/nutzungsbedingungen\/"]}]},{"@type":"BreadcrumbList","@id":"https:\/\/www.pensionlimani.gr\/de\/nutzungsbedingungen\/#breadcrumb","itemListElement":[{"@type":"ListItem","position":1,"name":"\u0391\u03c1\u03c7\u03b9\u03ba\u03ae","item":"https:\/\/www.pensionlimani.gr\/de\/startseite\/"},{"@type":"ListItem","position":2,"name":"Nutzungsbedingungen"}]},{"@type":"WebSite","@id":"https:\/\/www.pensionlimani.gr\/de\/#website","url":"https:\/\/www.pensionlimani.gr\/de\/","name":"Pension Limani","description":"","publisher":{"@id":"https:\/\/www.pensionlimani.gr\/de\/#organization"},"potentialAction":[{"@type":"SearchAction","target":{"@type":"EntryPoint","urlTemplate":"https:\/\/www.pensionlimani.gr\/de\/?s={search_term_string}"},"query-input":{"@type":"PropertyValueSpecification","valueRequired":true,"valueName":"search_term_string"}}],"inLanguage":"de"},{"@type":"Organization","@id":"https:\/\/www.pensionlimani.gr\/de\/#organization","name":"Pension Limani","url":"https:\/\/www.pensionlimani.gr\/de\/","logo":{"@type":"ImageObject","inLanguage":"de","@id":"https:\/\/www.pensionlimani.gr\/de\/#\/schema\/logo\/image\/","url":"https:\/\/www.pensionlimani.gr\/wp-content\/uploads\/2026\/03\/logo_pension_limani.png","contentUrl":"https:\/\/www.pensionlimani.gr\/wp-content\/uploads\/2026\/03\/logo_pension_limani.png","width":180,"height":79,"caption":"Pension Limani"},"image":{"@id":"https:\/\/www.pensionlimani.gr\/de\/#\/schema\/logo\/image\/"},"sameAs":["https:\/\/www.youtube.com\/channel\/UCno_wyAEWXoUMXJxllL2PsQ"]}]}},"_links":{"self":[{"href":"https:\/\/www.pensionlimani.gr\/de\/wp-json\/wp\/v2\/pages\/475","targetHints":{"allow":["GET"]}}],"collection":[{"href":"https:\/\/www.pensionlimani.gr\/de\/wp-json\/wp\/v2\/pages"}],"about":[{"href":"https:\/\/www.pensionlimani.gr\/de\/wp-json\/wp\/v2\/types\/page"}],"author":[{"embeddable":true,"href":"https:\/\/www.pensionlimani.gr\/de\/wp-json\/wp\/v2\/users\/1"}],"replies":[{"embeddable":true,"href":"https:\/\/www.pensionlimani.gr\/de\/wp-json\/wp\/v2\/comments?post=475"}],"version-history":[{"count":2,"href":"https:\/\/www.pensionlimani.gr\/de\/wp-json\/wp\/v2\/pages\/475\/revisions"}],"predecessor-version":[{"id":477,"href":"https:\/\/www.pensionlimani.gr\/de\/wp-json\/wp\/v2\/pages\/475\/revisions\/477"}],"wp:attachment":[{"href":"https:\/\/www.pensionlimani.gr\/de\/wp-json\/wp\/v2\/media?parent=475"}],"curies":[{"name":"wp","href":"https:\/\/api.w.org\/{rel}","templated":true}]}}